{"id":2135,"date":"2024-06-24T14:55:26","date_gmt":"2024-06-24T17:55:26","guid":{"rendered":"https:\/\/www.iar.unicamp.br\/cepecidoc\/?page_id=2135"},"modified":"2025-04-25T11:42:59","modified_gmt":"2025-04-25T14:42:59","slug":"videos-2","status":"publish","type":"page","link":"https:\/\/www.iar.unicamp.br\/cepecidoc\/videos-2\/","title":{"rendered":"V\u00eddeos"},"content":{"rendered":"\n<div class=\"wp-block-query is-layout-flow wp-block-query-is-layout-flow\"><ul class=\"wp-block-post-template is-layout-flow wp-block-post-template-is-layout-flow\"><li class=\"wp-block-post post-2321 post type-post status-publish format-standard hentry category-videos\">\n<h2 class=\"wp-block-post-title\"><a href=\"https:\/\/www.iar.unicamp.br\/cepecidoc\/cepecidoc-entrevista-com-fernando-birri-1925-2017-argentina\/\" target=\"_self\" >CEPECIDOC : Entrevista com Fernando Birri \u2013 (1925 \u2013 2017) \u2013 Argentina<\/a><\/h2>\n\n\n\n<div class=\"wp-block-post-excerpt\"><p class=\"wp-block-post-excerpt__excerpt\">Ficha T\u00e9cnica:Produ\u00e7\u00e3o, Edi\u00e7\u00e3o e Finaliza\u00e7\u00e3o: Diego Riquelme.Colabora\u00e7\u00e3o: TV-Universit\u00e1ria de Castelo Branco \u2013 RJ.Trechos e Imagens adicionadas foram extra\u00eddas da Internet.Fontes Eletronicas: https:\/\/www.youtube.com\/watch?v=iuZZh1KeVB4&amp;t Sinopse O cineasta argentino Fernando Birri, considerado o \u201cpai do novo cinema latino-americano\u201d, morreu aos 92 anos em Roma, na It\u00e1lia. Fundador das Escolas de Cinema \u2013 Instituto Nacional de Cinema e Artes&hellip; <\/p><\/div>\n\n\n<hr class=\"wp-block-separator has-css-opacity\"\/>\n\n\n<div class=\"wp-block-post-date\"><time datetime=\"2025-04-23T15:39:08-03:00\">23 de abril de 2025<\/time><\/div>\n<\/li><li class=\"wp-block-post post-2319 post type-post status-publish format-standard hentry category-videos\">\n<h2 class=\"wp-block-post-title\"><a href=\"https:\/\/www.iar.unicamp.br\/cepecidoc\/fernando-birri-1927-2017-aula-magna-memorial-latino-americano-sp\/\" target=\"_self\" >Fernando Birri \u2013 (1927 \u2013 2017) \u2013 Aula Magna \u2013 Memorial Latino-americano SP<\/a><\/h2>\n\n\n\n<div class=\"wp-block-post-excerpt\"><p class=\"wp-block-post-excerpt__excerpt\">Fernando Birri \u2013 (1927 \u2013 2017) \u2013 Aula Magna \u2013 Memorial Latino-americano SP \u2013 2006 Ficha T\u00e9cnica Produ\u00e7\u00e3o e Realiza\u00e7\u00e3o: Armando Fernandes Neto e Diego RiquelmeImagens: Edi\u00e7\u00e3o e Finaliza\u00e7\u00e3o: Diego RiquelmeAgradecimentos: Memorial de America Latina, Secretaria de Cultura de S\u00e3o Paulo e RTV \u2013 UNICAMP.Agradecimentos Especiais: Prof. Nuno Cesar Abreu \u2013 IA\/UNICAMP Sinopse: Aula Magna&hellip; <\/p><\/div>\n\n\n<hr class=\"wp-block-separator has-css-opacity\"\/>\n\n\n<div class=\"wp-block-post-date\"><time datetime=\"2025-04-23T15:36:00-03:00\">23 de abril de 2025<\/time><\/div>\n<\/li><li class=\"wp-block-post post-2317 post type-post status-publish format-standard hentry category-videos\">\n<h2 class=\"wp-block-post-title\"><a href=\"https:\/\/www.iar.unicamp.br\/cepecidoc\/cepecidoc-entrevista-miguel-littin-chile\/\" target=\"_self\" >CEPECIDOC \u2013 Entrevista Miguel Littin \u2013 Chile<\/a><\/h2>\n\n\n\n<div class=\"wp-block-post-excerpt\"><p class=\"wp-block-post-excerpt__excerpt\">Ficha T\u00e9cnica: Dire\u00e7\u00e3o e Produ\u00e7\u00e3o: Diego RiquelmeEntrevista Conduzida por: Marina MullerGrava\u00e7\u00e3o : 2006Edi\u00e7\u00e3o: 2018Dura\u00e7\u00e3o 45 minutosPais: S\u00e3o Paulo\/BrasilG\u00eanero: Formato entrevista Sinopse: E uno dos poucos cineastas latino americanos que se mant\u00e9m produzindo cinema ate o presente desde momento clave que foi a erup\u00e7\u00e3o do movimento pol\u00edtico que significo O \u201cNovo cinema latino americano\u201d. Descendente de&hellip; <\/p><\/div>\n\n\n<hr class=\"wp-block-separator has-css-opacity\"\/>\n\n\n<div class=\"wp-block-post-date\"><time datetime=\"2025-04-23T15:26:47-03:00\">23 de abril de 2025<\/time><\/div>\n<\/li><li class=\"wp-block-post post-2315 post type-post status-publish format-standard hentry category-videos\">\n<h2 class=\"wp-block-post-title\"><a href=\"https:\/\/www.iar.unicamp.br\/cepecidoc\/cepecidoc-entrevista-octavio-getino-argentina\/\" target=\"_self\" >CEPECIDOC \u2013 Entrevista \u2013 Octavio Getino \u2013 Argentina<\/a><\/h2>\n\n\n\n<div class=\"wp-block-post-excerpt\"><p class=\"wp-block-post-excerpt__excerpt\">Ficha T\u00e9cnica: Dire\u00e7\u00e3o e Produ\u00e7\u00e3o: Diego RiquelmeEntrevista Conduzida por: Marina MullerGravado: 2006Editado: 2018Dura\u00e7\u00e3o: 25 minutosPais: S\u00e3o Paulo\/BrasilFormato\/G\u00eanero: Entrevista Sinopse: Octavio Getino, (1935 \u2013 2012), morre aos 77 anos. Produtor, Diretor e Escritor argentino, de origem espanhola Refer\u00eancia do cinema document\u00e1rio do g\u00eanero pol\u00edtico e social das d\u00e9cadas de 1960 e 1970, Getino, nascido na cidade&hellip; <\/p><\/div>\n\n\n<hr class=\"wp-block-separator has-css-opacity\"\/>\n\n\n<div class=\"wp-block-post-date\"><time datetime=\"2025-04-23T15:22:35-03:00\">23 de abril de 2025<\/time><\/div>\n<\/li><li class=\"wp-block-post post-2313 post type-post status-publish format-standard hentry category-videos\">\n<h2 class=\"wp-block-post-title\"><a href=\"https:\/\/www.iar.unicamp.br\/cepecidoc\/cepecidoc-entrevista-vladimir-carvalho-brasil\/\" target=\"_self\" >CEPECIDOC \u2013 Entrevista \u2013 Vladimir Carvalho \u2013 Brasil<\/a><\/h2>\n\n\n\n<div class=\"wp-block-post-excerpt\"><p class=\"wp-block-post-excerpt__excerpt\">Ficha T\u00e9cnica:Titulo: CEPECIDOC \u2013 Entrevista \u2013 Vladimir Carvalho \u2013 Brasil.Dire\u00e7\u00e3o e Produ\u00e7\u00e3o: Diego RiquelmeEntrevista Conduzida por: Diego RiquelmeGravado: 2012Editado: 2018Pais: S\u00e3o Paulo\/Brasil.G\u00eanero: Formato \u2013 Entrevista Sinopse: Entrevista com o Documentarista Vladimir Carvalho \u2013 Brasileiro, Diretor, Professor aposentado de cinema pela Universidade de Bras\u00edlia. Produtor, Diretor, Produtor e Roteirista dos seus pr\u00f3prios document\u00e1rios. \u00c9 um cineasta&hellip; <\/p><\/div>\n\n\n<hr class=\"wp-block-separator has-css-opacity\"\/>\n\n\n<div class=\"wp-block-post-date\"><time datetime=\"2025-04-23T15:19:18-03:00\">23 de abril de 2025<\/time><\/div>\n<\/li><li class=\"wp-block-post post-2311 post type-post status-publish format-standard hentry category-videos\">\n<h2 class=\"wp-block-post-title\"><a href=\"https:\/\/www.iar.unicamp.br\/cepecidoc\/prof-fernao-ramos-o-cinema-no-seculo-xxi-palestra-mas-afinalo-que-sobrou-mesmo-do-cinema\/\" target=\"_self\" >Prof. Fern\u00e3o Ramos \u2013 O cinema no S\u00e9culo XXI \u2013 Palestra: Mas afinal\u2026o que sobrou mesmo do cinema.<\/a><\/h2>\n\n\n\n<div class=\"wp-block-post-excerpt\"><p class=\"wp-block-post-excerpt__excerpt\">Ficha T\u00e9cnica:T\u00edtulo: O Cinema no S\u00e9culo XXI \u2013Tema da Palestra: Mas afinal\u2026 o que sobrou mesmo do cinema.Palestrante: Prof. Dr. Fern\u00e3o Ramos.Organiza\u00e7\u00e3o e Realiza\u00e7\u00e3o: Gilberto Alexandre Sobrinho \u2013 Coordenador GeralAno: 2015Dura\u00e7\u00e3o: 22 minutosPa\u00eds: Campinas, SP\/ BrasilG\u00eanero: Formato Palestra Sinopse: O que o filme faz que outras imagens m\u00f3veis n\u00e3o fazem, quando n\u00e3o s\u00e3o filmes, \u00e9&hellip; <\/p><\/div>\n\n\n<hr class=\"wp-block-separator has-css-opacity\"\/>\n\n\n<div class=\"wp-block-post-date\"><time datetime=\"2025-04-23T15:17:26-03:00\">23 de abril de 2025<\/time><\/div>\n<\/li><li class=\"wp-block-post post-2309 post type-post status-publish format-standard hentry category-videos\">\n<h2 class=\"wp-block-post-title\"><a href=\"https:\/\/www.iar.unicamp.br\/cepecidoc\/david-rodowick-cinema-em-redes-palestra-de-abertura-a-consciencia-liberada-de-harun-farocki\/\" target=\"_self\" >David Rodowick \u2013 Cinema em Redes Palestra de Abertura: \u201cA consci\u00eancia Liberada de Harun Farocki\u201d.<\/a><\/h2>\n\n\n\n<div class=\"wp-block-post-excerpt\"><p class=\"wp-block-post-excerpt__excerpt\">Ficha T\u00e9cnica:T\u00edtulo: Cinemas em Redes \u2013Tema da Palestra: \u201cA Consci\u00eancia liberada de Harun Farocki \u201c \u2013 Parte IIPalestrante D. N. Rodowick.Organiza\u00e7\u00e3o e Realiza\u00e7\u00e3o: Gilberto Alexandre Sobrinho \u2013 Coordenador GeralAno: 2015Dura\u00e7\u00e3o: 28 minutosPa\u00eds: Campinas, SP\/ BrasilG\u00eanero: Formato Palestra Sinopse: David N. Rodowick \u00e9 professor de Estudos de Cinema e M\u00eddia, da Universidade de Chicago, Estados Unidos.&hellip; <\/p><\/div>\n\n\n<hr class=\"wp-block-separator has-css-opacity\"\/>\n\n\n<div class=\"wp-block-post-date\"><time datetime=\"2025-04-23T15:15:38-03:00\">23 de abril de 2025<\/time><\/div>\n<\/li><li class=\"wp-block-post post-2305 post type-post status-publish format-standard hentry category-videos\">\n<h2 class=\"wp-block-post-title\"><a href=\"https:\/\/www.iar.unicamp.br\/cepecidoc\/prof-fernao-ramos-apresentacao-e-introducao-palestra-a-consciencia-liberada-de-harum-farocki\/\" target=\"_self\" >Prof. Fern\u00e3o Ramos \u2013 Apresenta\u00e7\u00e3o e Introdu\u00e7\u00e3o : Palestra: A Consci\u00eancia Liberada de Harum Farocki<\/a><\/h2>\n\n\n\n<div class=\"wp-block-post-excerpt\"><p class=\"wp-block-post-excerpt__excerpt\">Ficha T\u00e9cnica:Titulo: Cinemas em RedesApresenta\u00e7\u00e3o e Introdu\u00e7\u00e3o: Prof. Dr. Fern\u00e3o Ramos \u2013 DECINE\/IA-UNICAMPPalestra: Abertura: \u201cA Consci\u00eancia liberada de Harum Farocki \u201c \u2013 Palestrante David RodowickOrganiza\u00e7\u00e3o e Realiza\u00e7\u00e3o: Gilberto Alexandre Sobrinho \u2013 Coordenador GeralAno: 2015Dura\u00e7\u00e3o: 13 minPais: Campinas, SP\/ BrasilG\u00eanero: Formato Palestra Sinopse: Esta palestra examina a filosofia da imagem de Harum Farocki atrav\u00e9s da discuss\u00e3o&hellip; <\/p><\/div>\n\n\n<hr class=\"wp-block-separator has-css-opacity\"\/>\n\n\n<div class=\"wp-block-post-date\"><time datetime=\"2025-04-23T15:12:38-03:00\">23 de abril de 2025<\/time><\/div>\n<\/li><li class=\"wp-block-post post-2303 post type-post status-publish format-standard hentry category-videos\">\n<h2 class=\"wp-block-post-title\"><a href=\"https:\/\/www.iar.unicamp.br\/cepecidoc\/diego-i-c-riquelme-dialogo-sem-fronteiras-cinema-documentario-na-america-do-sul\/\" target=\"_self\" >Diego I. C. Riquelme \u2013 Di\u00e1logo sem Fronteiras: Cinema Document\u00e1rio na Am\u00e9rica do Sul.<\/a><\/h2>\n\n\n\n<div class=\"wp-block-post-excerpt\"><p class=\"wp-block-post-excerpt__excerpt\">Ficha T\u00e9cnica:T\u00edtulo: Di\u00e1logo sem Fronteira O Cinema \u2013 RTV- UNICAMPEntrevista conduzida por Paulo Funari: Cinema Document\u00e1rio na Am\u00e9rica do Sul \u2013 (60\/70)\u2013 Diego Ivan Caroca Riquelme.Produ\u00e7\u00e3o e Realiza\u00e7\u00e3o: RTV-UNICAMPAno: 2016Dura\u00e7\u00e3o: 16 minPa\u00eds: Campinas, SP\/ Brasil.G\u00eanero: Programa-Entrevista Sinopse: Pesquisador PAEPE\/UNICAMP, Produtor de V\u00eddeos e TV, Possui gradua\u00e7\u00e3o em Artes Gr\u00e1ficas pela Universidade Estadual de Campinas (1990),&hellip; <\/p><\/div>\n\n\n<hr class=\"wp-block-separator has-css-opacity\"\/>\n\n\n<div class=\"wp-block-post-date\"><time datetime=\"2025-04-23T15:09:45-03:00\">23 de abril de 2025<\/time><\/div>\n<\/li><li class=\"wp-block-post post-2301 post type-post status-publish format-standard hentry category-videos\">\n<h2 class=\"wp-block-post-title\"><a href=\"https:\/\/www.iar.unicamp.br\/cepecidoc\/prof-nuno-cesar-abreu-dialogo-sem-fronteira-boca-do-lixo-cinema-e-classes-populares\/\" target=\"_self\" >Prof. Nuno Cesar Abreu \u2013 Di\u00e1logo sem Fronteira : Boca do Lixo Cinema e Classes Populares<\/a><\/h2>\n\n\n\n<div class=\"wp-block-post-excerpt\"><p class=\"wp-block-post-excerpt__excerpt\">Ficha T\u00e9cnica:Titulo: Di\u00e1logo sem Fronteira O Cinema \u2013 RTV- UNICAMPEntrevista Conduzida por Paulo Funari: Boca do lixo cinema e classes populares \u2013 Nuno C\u00e9sar Abreu.Produ\u00e7\u00e3o e Realiza\u00e7\u00e3o: RTV-UNICAMPAno:Dura\u00e7\u00e3o: 15 minPais: Campinas, SP\/ Brasil.G\u00eanero: Programa \u2013 Entrevista Sinopse: Nuno Cesar Abreu cineasta e pesquisador. Autor dos curtas-metragens Mad-Mor\u00e9, 32\u00d778 \u2013 A respeito do Movimento Constitucionalista de&hellip; <\/p><\/div>\n\n\n<hr class=\"wp-block-separator has-css-opacity\"\/>\n\n\n<div class=\"wp-block-post-date\"><time datetime=\"2025-04-23T15:07:55-03:00\">23 de abril de 2025<\/time><\/div>\n<\/li><li class=\"wp-block-post post-2299 post type-post status-publish format-standard hentry category-videos\">\n<h2 class=\"wp-block-post-title\"><a href=\"https:\/\/www.iar.unicamp.br\/cepecidoc\/prof-fernao-ramos-dialogo-sem-fronteiras-o-cinema-documentario-e-o-brasil\/\" target=\"_self\" >Prof. Fern\u00e3o Ramos \u2013 Di\u00e1logo sem Fronteiras: O Cinema document\u00e1rio e o Brasil<\/a><\/h2>\n\n\n\n<div class=\"wp-block-post-excerpt\"><p class=\"wp-block-post-excerpt__excerpt\">Ficha T\u00e9cnica:Titulo: Di\u00e1logo sem Fronteira O Cinema \u2013 RTV- UNICAMPEntrevista Conduzida por Paulo Funari: O Document\u00e1rio e o Brasil \u2013 Fern\u00e3o RamosProdu\u00e7\u00e3o e Realiza\u00e7\u00e3o: RTV-UNICAMPAno: 2015Dura\u00e7\u00e3o: 20 minutosPais: Campinas, SP\/ Brasil.G\u00eanero: Programa de Entrevista Sinopse: Professor Titular do Departamento de Cinema do Instituto de Artes da UNICAMP (Universidade Estadual de Campinas) e pesquisador CNPQ. Foi&hellip; <\/p><\/div>\n\n\n<hr class=\"wp-block-separator has-css-opacity\"\/>\n\n\n<div class=\"wp-block-post-date\"><time datetime=\"2025-04-23T15:05:27-03:00\">23 de abril de 2025<\/time><\/div>\n<\/li><li class=\"wp-block-post post-2297 post type-post status-publish format-standard hentry category-videos\">\n<h2 class=\"wp-block-post-title\"><a href=\"https:\/\/www.iar.unicamp.br\/cepecidoc\/bill-nichols-mockumentaries-e-outras-formas-de-documentario-ironico\/\" target=\"_self\" >Bill Nichols \u2013 Mockumentaries e Outras Formas de Document\u00e1rio Ir\u00f4nico<\/a><\/h2>\n\n\n\n<div class=\"wp-block-post-excerpt\"><p class=\"wp-block-post-excerpt__excerpt\">Ficha T\u00e9cnica:T\u00edtulo: Bill Nichols \u2013 Mockumentaries e Outras Formas de Document\u00e1rio Ir\u00f4nico \u2013 Parte IIPalestra: Bill Nichols \u2013 San Francisco State University \u2013 Estados Unidos.Realiza\u00e7\u00e3o: CEAV \u2013 Centro de Estudos Avan\u00e7ados \u2013 CEPECIDOC \u2013 Centro de Estudos em Cinema Document\u00e1rio \u2013 DECINE \u2013 IA\/UNICAMPApoio: Pr\u00f3 \u2013 Reitoria de Gradua\u00e7\u00e3o \u2013 PRG-UNICAMP \u2013 Instituto de Artes&hellip; <\/p><\/div>\n\n\n<hr class=\"wp-block-separator has-css-opacity\"\/>\n\n\n<div class=\"wp-block-post-date\"><time datetime=\"2025-04-23T15:03:33-03:00\">23 de abril de 2025<\/time><\/div>\n<\/li><li class=\"wp-block-post post-2295 post type-post status-publish format-standard hentry category-videos\">\n<h2 class=\"wp-block-post-title\"><a href=\"https:\/\/www.iar.unicamp.br\/cepecidoc\/bills-nichols-mockumentries-e-outras-formas-de-documentario-ironico-parte-i\/\" target=\"_self\" >Bills Nichols \u2013 Mockumentries e Outras Formas de Document\u00e1rio Ir\u00f4nico \u2013 Parte I<\/a><\/h2>\n\n\n\n<div class=\"wp-block-post-excerpt\"><p class=\"wp-block-post-excerpt__excerpt\">Ficha T\u00e9cnica:Titulo: Bill Nichols \u2013 Mockumentaries e Outras Forma de Document\u00e1rio Ir\u00f4nico \u2013 Parte IPalestra: Bill Nichols \u2013 San Francisco State University \u2013 Estados Unidos.Realiza\u00e7\u00e3o: CEAV \u2013 Centro de Estudos Avan\u00e7ados \u2013 CEPECIDOC \u2013 Centro de Estudos em Cinema Document\u00e1rio \u2013 DECINE \u2013 IA\/UNICAMPApoio: Pr\u00f3 \u2013 Reitoria de Gradua\u00e7\u00e3o \u2013 PRG-UNICAMP \u2013 Instituto de Artes&hellip; <\/p><\/div>\n\n\n<hr class=\"wp-block-separator has-css-opacity\"\/>\n\n\n<div class=\"wp-block-post-date\"><time datetime=\"2025-04-23T15:00:52-03:00\">23 de abril de 2025<\/time><\/div>\n<\/li><li class=\"wp-block-post post-2293 post type-post status-publish format-standard hentry category-videos\">\n<h2 class=\"wp-block-post-title\"><a href=\"https:\/\/www.iar.unicamp.br\/cepecidoc\/cepecidoc-entrevista-orlando-de-salles-senna-brasil\/\" target=\"_self\" >CEPECIDOC \u2013 Entrevista \u2013 Orlando de Salles Senna. \u2013 Brasil.<\/a><\/h2>\n\n\n\n<div class=\"wp-block-post-excerpt\"><p class=\"wp-block-post-excerpt__excerpt\">Ficha T\u00e9cnicaT\u00edtulo: CEPECIDOC \u2013 Entrevista \u2013 Orlando de Sales Senna \u2013 Brasil.Entrevista Conduzida por: Marina MullerDire\u00e7\u00e3o e Produ\u00e7\u00e3o: Diego RiquelmeAno: 2006\/2018Dura\u00e7\u00e3o:Pais: S\u00e3o Paulo\/BrasilG\u00eanero: Programa de Entrevista Sinopse: Nasceu em Afr\u00e2nio Peixoto, em 25 de abril de 1940, munic\u00edpio de Len\u00e7\u00f3is, na Bahia\/Brasil. Mudou-se para Salvador para cursar o Ensino M\u00e9dio no tradicional Col\u00e9gio Marista, onde&hellip; <\/p><\/div>\n\n\n<hr class=\"wp-block-separator has-css-opacity\"\/>\n\n\n<div class=\"wp-block-post-date\"><time datetime=\"2025-04-23T14:58:13-03:00\">23 de abril de 2025<\/time><\/div>\n<\/li><li class=\"wp-block-post post-2291 post type-post status-publish format-standard hentry category-videos\">\n<h2 class=\"wp-block-post-title\"><a href=\"https:\/\/www.iar.unicamp.br\/cepecidoc\/cepecidoc-entrevista-jose-carlos-avellar-brasil\/\" target=\"_self\" >CEPECIDOC \u2013 Entrevista \u2013 Jose Carlos Avellar \u2013 Brasil.<\/a><\/h2>\n\n\n\n<div class=\"wp-block-post-excerpt\"><p class=\"wp-block-post-excerpt__excerpt\">Ficha T\u00e9cnicaT\u00edtulo: CEPECIDOC \u2013 Entrevista \u2013 Jos\u00e9 Carlos Avellar \u2013 (1936 \u2013 2016)Entrevista conduzida por: Diego RiquelmeDire\u00e7\u00e3o e Produ\u00e7\u00e3o: Diego RiquelmeAno: 2006\/2018Dura\u00e7\u00e3o: 54 minPais: S\u00e3o Paulo\/ BrasilG\u00eanero: Programa de Entrevista Sinopse: Cr\u00edtico, ensa\u00edsta e jornalista de forma\u00e7\u00e3o, Avellar trabalhou por mais de vinte anos como cr\u00edtico de cinema do Jornal do Brasil e foi integrante&hellip; <\/p><\/div>\n\n\n<hr class=\"wp-block-separator has-css-opacity\"\/>\n\n\n<div class=\"wp-block-post-date\"><time datetime=\"2025-04-23T14:55:38-03:00\">23 de abril de 2025<\/time><\/div>\n<\/li><li class=\"wp-block-post post-2289 post type-post status-publish format-standard hentry category-videos\">\n<h2 class=\"wp-block-post-title\"><a href=\"https:\/\/www.iar.unicamp.br\/cepecidoc\/cepecidoc-entrevista-gilberto-alexandre-sobrinho-brasil\/\" target=\"_self\" >CEPECIDOC \u2013 Entrevista \u2013 Gilberto Alexandre Sobrinho \u2013 Brasil.<\/a><\/h2>\n\n\n\n<div class=\"wp-block-post-excerpt\"><p class=\"wp-block-post-excerpt__excerpt\">Ficha T\u00e9cnica:Titulo: CEPECIDOC \u2013 Entrevista \u2013 Gilberto Sobrinho \u2013 BrasilEntrevista conduzida por: Diego RiquelmeDire\u00e7\u00e3o e Produ\u00e7\u00e3o: Diego RiquelmeAno: 2018Dura\u00e7\u00e3o: 16 minutosPais: Campinas\/SP \u2013 BrasilG\u00eanero: Programa de Entrevista Sinopse: Professor do Departamento de Multimeios, M\u00eddia e Comunica\u00e7\u00e3o, no Instituto de Artes, da Unicamp. Atua nas \u00e1reas de Estudos da TV, V\u00eddeo e Cinema, destacando-se as pesquisas&hellip; <\/p><\/div>\n\n\n<hr class=\"wp-block-separator has-css-opacity\"\/>\n\n\n<div class=\"wp-block-post-date\"><time datetime=\"2025-04-23T14:53:19-03:00\">23 de abril de 2025<\/time><\/div>\n<\/li><li class=\"wp-block-post post-2286 post type-post status-publish format-standard hentry category-videos\">\n<h2 class=\"wp-block-post-title\"><a href=\"https:\/\/www.iar.unicamp.br\/cepecidoc\/cepecidoc-entrevista-mario-handler-uruguai\/\" target=\"_self\" >CEPECIDOC \u2013 Entrevista \u2013 Mario Handler \u2013 Uruguai<\/a><\/h2>\n\n\n\n<div class=\"wp-block-post-excerpt\"><p class=\"wp-block-post-excerpt__excerpt\">Ficha T\u00e9cnicaTitulo: CEPECIDOC \u2013 Entrevista \u2013 Mario Handler \u2013 UruguaiDire\u00e7\u00e3o e Produ\u00e7\u00e3o: Diego Riquelme.Entrevista Conduzida por: Marina MullerGrava\u00e7\u00e3o: 2006Editado: 2018Dura\u00e7\u00e3o: 37 minutosPa\u00eds: S\u00e3o Paulo\/BrasilG\u00eanero: Programa de Entrevista Sinopse: Entrevista com o Documentarista Mario Handler \u2013 Uruguai \u2013 Diretor, produtor, diretor de fotografia e cinegrafista, roteirista e diretor de cinema, Mario Handler nasceu em Montevid\u00e9u \u2013&hellip; <\/p><\/div>\n\n\n<hr class=\"wp-block-separator has-css-opacity\"\/>\n\n\n<div class=\"wp-block-post-date\"><time datetime=\"2025-04-23T14:48:47-03:00\">23 de abril de 2025<\/time><\/div>\n<\/li><li class=\"wp-block-post post-2284 post type-post status-publish format-standard hentry category-videos\">\n<h2 class=\"wp-block-post-title\"><a href=\"https:\/\/www.iar.unicamp.br\/cepecidoc\/cepecidoc-entrevista-david-n-rodowick-estados-unidos\/\" target=\"_self\" >CEPECIDOC \u2013 Entrevista \u2013 David N. Rodowick \u2013 Estados Unidos.<\/a><\/h2>\n\n\n\n<div class=\"wp-block-post-excerpt\"><p class=\"wp-block-post-excerpt__excerpt\">Ficha T\u00e9cnicaT\u00edtulo: CEPECIDOC \u2013 Entrevista \u2013 David N Rodowick \u2013 Estados UnidosEntrevista conduzida por: Prof. Dr. Fern\u00e3o RamosDire\u00e7\u00e3o e Produ\u00e7\u00e3o: Diego RiquelmeAno: 2018Dura\u00e7\u00e3o:Pa\u00eds: Campinas\/SP \u2013 BrasilG\u00eanero: Programa de Entrevista Sinopse: David N Rodowick, lecionou na Universidade de Rochester e no King\u2019s College, na Universidade de Londres, onde fundou o Departamento de Estudos de Cinema e&hellip; <\/p><\/div>\n\n\n<hr class=\"wp-block-separator has-css-opacity\"\/>\n\n\n<div class=\"wp-block-post-date\"><time datetime=\"2025-04-23T14:42:20-03:00\">23 de abril de 2025<\/time><\/div>\n<\/li><li class=\"wp-block-post post-2279 post type-post status-publish format-video hentry category-videos post_format-post-format-video\">\n<h2 class=\"wp-block-post-title\"><a href=\"https:\/\/www.iar.unicamp.br\/cepecidoc\/cepecidoc-entrevista-deane-willians-australia\/\" target=\"_self\" >CEPECIDOC \u2013 Entrevista Deane Willians \u2013 Austr\u00e1lia.<\/a><\/h2>\n\n\n\n<div class=\"wp-block-post-excerpt\"><p class=\"wp-block-post-excerpt__excerpt\">CEPECIDOC &#8211; Entrevista Diane Willians. Ficha T\u00e9cnicaEntrevista conduzida por: Prof. Dr. Fern\u00e3o Ramos.Dire\u00e7\u00e3o e Produ\u00e7\u00e3o: Diego RiquelmeAno: 2017Dura\u00e7\u00e3o:Pais: Campinas\/SP \u2013 BrasilG\u00eanero: Programa de Entrevista Sinopse: Deane \u00e9 historiador do cinema, especializado em hist\u00f3ria do cinema documental e document\u00e1rio australiano. Autor de sete monografias e cole\u00e7\u00f5es editadas, e de artigos publicados na revista Screening the Past&hellip; <\/p><\/div>\n\n\n<hr class=\"wp-block-separator has-css-opacity\"\/>\n\n\n<div class=\"wp-block-post-date\"><time datetime=\"2025-04-23T14:29:31-03:00\">23 de abril de 2025<\/time><\/div>\n<\/li><\/ul><\/div>\n","protected":false},"excerpt":{"rendered":"","protected":false},"author":2,"featured_media":0,"parent":0,"menu_order":0,"comment_status":"closed","ping_status":"closed","template":"","meta":{"footnotes":""},"class_list":["post-2135","page","type-page","status-publish"],"_links":{"self":[{"href":"https:\/\/www.iar.unicamp.br\/cepecidoc\/wp-json\/wp\/v2\/pages\/2135","targetHints":{"allow":["GET"]}}],"collection":[{"href":"https:\/\/www.iar.unicamp.br\/cepecidoc\/wp-json\/wp\/v2\/pages"}],"about":[{"href":"https:\/\/www.iar.unicamp.br\/cepecidoc\/wp-json\/wp\/v2\/types\/page"}],"author":[{"embeddable":true,"href":"https:\/\/www.iar.unicamp.br\/cepecidoc\/wp-json\/wp\/v2\/users\/2"}],"replies":[{"embeddable":true,"href":"https:\/\/www.iar.unicamp.br\/cepecidoc\/wp-json\/wp\/v2\/comments?post=2135"}],"version-history":[{"count":7,"href":"https:\/\/www.iar.unicamp.br\/cepecidoc\/wp-json\/wp\/v2\/pages\/2135\/revisions"}],"predecessor-version":[{"id":2375,"href":"https:\/\/www.iar.unicamp.br\/cepecidoc\/wp-json\/wp\/v2\/pages\/2135\/revisions\/2375"}],"wp:attachment":[{"href":"https:\/\/www.iar.unicamp.br\/cepecidoc\/wp-json\/wp\/v2\/media?parent=2135"}],"curies":[{"name":"wp","href":"https:\/\/api.w.org\/{rel}","templated":true}]}}