{"id":1713,"date":"2020-12-11T17:08:45","date_gmt":"2020-12-11T17:08:45","guid":{"rendered":"https:\/\/www.iar.unicamp.br\/dasmind\/?page_id=1713"},"modified":"2020-12-11T17:12:37","modified_gmt":"2020-12-11T17:12:37","slug":"pesquisadores-lara-balaminutti","status":"publish","type":"page","link":"https:\/\/www.iar.unicamp.br\/dasmind\/index.php\/pesquisadores-lara-balaminutti\/","title":{"rendered":"Pesquisadores &#8211; Lara Doswaldo Balaminutti"},"content":{"rendered":"\t\t<div data-elementor-type=\"wp-page\" data-elementor-id=\"1713\" class=\"elementor elementor-1713\">\n\t\t\t\t\t\t<section class=\"elementor-section elementor-top-section elementor-element elementor-element-012691f elementor-section-boxed elementor-section-height-default elementor-section-height-default\" data-id=\"012691f\" data-element_type=\"section\" data-e-type=\"section\">\n\t\t\t\t\t\t<div class=\"elementor-container elementor-column-gap-default\">\n\t\t\t\t\t<div class=\"elementor-column elementor-col-50 elementor-top-column elementor-element elementor-element-3fdabd2\" data-id=\"3fdabd2\" data-element_type=\"column\" data-e-type=\"column\">\n\t\t\t<div class=\"elementor-widget-wrap elementor-element-populated\">\n\t\t\t\t\t\t<div class=\"elementor-element elementor-element-ca7adc1 elementor-widget elementor-widget-image\" data-id=\"ca7adc1\" data-element_type=\"widget\" data-e-type=\"widget\" data-widget_type=\"image.default\">\n\t\t\t\t<div class=\"elementor-widget-container\">\n\t\t\t\t\t\t\t\t\t\t\t\t\t\t\t\t<a href=\"https:\/\/www.iar.unicamp.br\/dasmind\/\">\n\t\t\t\t\t\t\t<img decoding=\"async\" width=\"300\" height=\"61\" src=\"https:\/\/www.iar.unicamp.br\/dasmind\/wp-content\/uploads\/sites\/7\/2020\/03\/dasmind_transparent-300x61.png\" class=\"attachment-medium size-medium wp-image-776\" alt=\"\" srcset=\"https:\/\/www.iar.unicamp.br\/dasmind\/wp-content\/uploads\/sites\/7\/2020\/03\/dasmind_transparent-300x61.png 300w, https:\/\/www.iar.unicamp.br\/dasmind\/wp-content\/uploads\/sites\/7\/2020\/03\/dasmind_transparent-1024x209.png 1024w, https:\/\/www.iar.unicamp.br\/dasmind\/wp-content\/uploads\/sites\/7\/2020\/03\/dasmind_transparent-768x157.png 768w, https:\/\/www.iar.unicamp.br\/dasmind\/wp-content\/uploads\/sites\/7\/2020\/03\/dasmind_transparent.png 1108w\" sizes=\"(max-width: 300px) 100vw, 300px\" \/>\t\t\t\t\t\t\t\t<\/a>\n\t\t\t\t\t\t\t\t\t\t\t\t\t\t\t<\/div>\n\t\t\t\t<\/div>\n\t\t\t\t\t<\/div>\n\t\t<\/div>\n\t\t\t\t<div class=\"elementor-column elementor-col-50 elementor-top-column elementor-element elementor-element-1540d83\" data-id=\"1540d83\" data-element_type=\"column\" data-e-type=\"column\">\n\t\t\t<div class=\"elementor-widget-wrap\">\n\t\t\t\t\t\t\t<\/div>\n\t\t<\/div>\n\t\t\t\t\t<\/div>\n\t\t<\/section>\n\t\t\t\t<section class=\"elementor-section elementor-top-section elementor-element elementor-element-9ec0ef4 elementor-section-boxed elementor-section-height-default elementor-section-height-default\" data-id=\"9ec0ef4\" data-element_type=\"section\" data-e-type=\"section\" id=\"publications\">\n\t\t\t\t\t\t<div class=\"elementor-container elementor-column-gap-default\">\n\t\t\t\t\t<div class=\"elementor-column elementor-col-50 elementor-top-column elementor-element elementor-element-b8a096e\" data-id=\"b8a096e\" data-element_type=\"column\" data-e-type=\"column\">\n\t\t\t<div class=\"elementor-widget-wrap elementor-element-populated\">\n\t\t\t\t\t\t<div class=\"elementor-element elementor-element-83c9d29 elementor-widget elementor-widget-image\" data-id=\"83c9d29\" data-element_type=\"widget\" data-e-type=\"widget\" data-widget_type=\"image.default\">\n\t\t\t\t<div class=\"elementor-widget-container\">\n\t\t\t\t\t\t\t\t\t\t\t\t\t\t\t<img decoding=\"async\" width=\"150\" height=\"150\" src=\"https:\/\/www.iar.unicamp.br\/dasmind\/wp-content\/uploads\/sites\/7\/2020\/04\/LARA-150x150.jpg\" class=\"attachment-thumbnail size-thumbnail wp-image-1707\" alt=\"\" srcset=\"https:\/\/www.iar.unicamp.br\/dasmind\/wp-content\/uploads\/sites\/7\/2020\/04\/LARA-150x150.jpg 150w, https:\/\/www.iar.unicamp.br\/dasmind\/wp-content\/uploads\/sites\/7\/2020\/04\/LARA-300x300.jpg 300w, https:\/\/www.iar.unicamp.br\/dasmind\/wp-content\/uploads\/sites\/7\/2020\/04\/LARA-1022x1024.jpg 1022w, https:\/\/www.iar.unicamp.br\/dasmind\/wp-content\/uploads\/sites\/7\/2020\/04\/LARA-768x769.jpg 768w, https:\/\/www.iar.unicamp.br\/dasmind\/wp-content\/uploads\/sites\/7\/2020\/04\/LARA-12x12.jpg 12w, https:\/\/www.iar.unicamp.br\/dasmind\/wp-content\/uploads\/sites\/7\/2020\/04\/LARA-100x100.jpg 100w, https:\/\/www.iar.unicamp.br\/dasmind\/wp-content\/uploads\/sites\/7\/2020\/04\/LARA-45x45.jpg 45w, https:\/\/www.iar.unicamp.br\/dasmind\/wp-content\/uploads\/sites\/7\/2020\/04\/LARA.jpg 1043w\" sizes=\"(max-width: 150px) 100vw, 150px\" \/>\t\t\t\t\t\t\t\t\t\t\t\t\t\t\t<\/div>\n\t\t\t\t<\/div>\n\t\t\t\t\t<\/div>\n\t\t<\/div>\n\t\t\t\t<div class=\"elementor-column elementor-col-50 elementor-top-column elementor-element elementor-element-d89b257\" data-id=\"d89b257\" data-element_type=\"column\" data-e-type=\"column\">\n\t\t\t<div class=\"elementor-widget-wrap elementor-element-populated\">\n\t\t\t\t\t\t<div class=\"elementor-element elementor-element-a2781db elementor-widget elementor-widget-heading\" data-id=\"a2781db\" data-element_type=\"widget\" data-e-type=\"widget\" data-widget_type=\"heading.default\">\n\t\t\t\t<div class=\"elementor-widget-container\">\n\t\t\t\t\t<h2 class=\"elementor-heading-title elementor-size-default\">Lara Doswaldo Balaminutti<\/h2>\t\t\t\t<\/div>\n\t\t\t\t<\/div>\n\t\t\t\t<div class=\"elementor-element elementor-element-cabcd8d elementor-widget elementor-widget-text-editor\" data-id=\"cabcd8d\" data-element_type=\"widget\" data-e-type=\"widget\" data-widget_type=\"text-editor.default\">\n\t\t\t\t<div class=\"elementor-widget-container\">\n\t\t\t\t\t\t\t\t\t<p><i><span style=\"font-weight: 400\">Mestranda no Programa de P\u00f3s-Gradua\u00e7\u00e3o em Artes Visuais do Instituto de Artes, da Universidade Estadual de Campinas (PPG-AV IA-UNICAMP). Graduada em Artes Visuais (Bacharelado e Licenciatura) pelo IA-UNICAMP. Bolsista do &#8220;Programa de Forma\u00e7\u00e3o Did\u00e1tico-Pedag\u00f3gica para Cursos de Modalidade a Dist\u00e2ncia&#8221;, da UNIVESP.\u00a0<\/span><\/i><\/p><p style=\"margin-bottom: 0cm;line-height: 100%\" align=\"left\">\u00a0<\/p>\t\t\t\t\t\t\t\t<\/div>\n\t\t\t\t<\/div>\n\t\t\t\t\t<\/div>\n\t\t<\/div>\n\t\t\t\t\t<\/div>\n\t\t<\/section>\n\t\t\t\t<section class=\"elementor-section elementor-top-section elementor-element elementor-element-5397001 elementor-hidden-desktop elementor-hidden-tablet elementor-hidden-phone elementor-section-boxed elementor-section-height-default elementor-section-height-default\" data-id=\"5397001\" data-element_type=\"section\" data-e-type=\"section\">\n\t\t\t\t\t\t<div class=\"elementor-container elementor-column-gap-default\">\n\t\t\t\t\t<div class=\"elementor-column elementor-col-100 elementor-top-column elementor-element elementor-element-d785339\" data-id=\"d785339\" data-element_type=\"column\" data-e-type=\"column\">\n\t\t\t<div class=\"elementor-widget-wrap elementor-element-populated\">\n\t\t\t\t\t\t<div class=\"elementor-element elementor-element-69b05b5 elementor-widget elementor-widget-spacer\" data-id=\"69b05b5\" data-element_type=\"widget\" data-e-type=\"widget\" data-widget_type=\"spacer.default\">\n\t\t\t\t<div class=\"elementor-widget-container\">\n\t\t\t\t\t\t\t<div class=\"elementor-spacer\">\n\t\t\t<div class=\"elementor-spacer-inner\"><\/div>\n\t\t<\/div>\n\t\t\t\t\t\t<\/div>\n\t\t\t\t<\/div>\n\t\t\t\t\t<\/div>\n\t\t<\/div>\n\t\t\t\t\t<\/div>\n\t\t<\/section>\n\t\t\t\t<section class=\"elementor-section elementor-top-section elementor-element elementor-element-cfc00d5 elementor-section-stretched elementor-section-height-min-height elementor-section-boxed elementor-section-height-default elementor-section-items-middle\" data-id=\"cfc00d5\" data-element_type=\"section\" data-e-type=\"section\" data-settings=\"{&quot;background_background&quot;:&quot;classic&quot;,&quot;stretch_section&quot;:&quot;section-stretched&quot;}\">\n\t\t\t\t\t\t<div class=\"elementor-container elementor-column-gap-default\">\n\t\t\t\t\t<div class=\"elementor-column elementor-col-25 elementor-top-column elementor-element elementor-element-4972e4e\" data-id=\"4972e4e\" data-element_type=\"column\" data-e-type=\"column\">\n\t\t\t<div class=\"elementor-widget-wrap elementor-element-populated\">\n\t\t\t\t\t\t<div class=\"elementor-element elementor-element-a594285 elementor-widget elementor-widget-image\" data-id=\"a594285\" data-element_type=\"widget\" data-e-type=\"widget\" data-widget_type=\"image.default\">\n\t\t\t\t<div class=\"elementor-widget-container\">\n\t\t\t\t\t\t\t\t\t\t\t\t\t\t\t<img decoding=\"async\" src=\"https:\/\/www.iar.unicamp.br\/dasmind\/wp-content\/uploads\/2019\/12\/dasmind_transparent_branco.png\" title=\"\" alt=\"\" loading=\"lazy\" \/>\t\t\t\t\t\t\t\t\t\t\t\t\t\t\t<\/div>\n\t\t\t\t<\/div>\n\t\t\t\t\t<\/div>\n\t\t<\/div>\n\t\t\t\t<div class=\"elementor-column elementor-col-25 elementor-top-column elementor-element elementor-element-ccb0622\" data-id=\"ccb0622\" data-element_type=\"column\" data-e-type=\"column\">\n\t\t\t<div class=\"elementor-widget-wrap elementor-element-populated\">\n\t\t\t\t\t\t<div class=\"elementor-element elementor-element-3c4552e elementor-icon-list--layout-traditional elementor-list-item-link-full_width elementor-widget elementor-widget-icon-list\" data-id=\"3c4552e\" data-element_type=\"widget\" data-e-type=\"widget\" data-widget_type=\"icon-list.default\">\n\t\t\t\t<div class=\"elementor-widget-container\">\n\t\t\t\t\t\t\t<ul class=\"elementor-icon-list-items\">\n\t\t\t\t\t\t\t<li class=\"elementor-icon-list-item\">\n\t\t\t\t\t\t\t\t\t\t\t<a href=\"https:\/\/www.iar.unicamp.br\/dasmind\/#cover\">\n\n\t\t\t\t\t\t\t\t\t\t\t<span class=\"elementor-icon-list-text\">In\u00edcio<\/span>\n\t\t\t\t\t\t\t\t\t\t\t<\/a>\n\t\t\t\t\t\t\t\t\t<\/li>\n\t\t\t\t\t\t\t\t<li class=\"elementor-icon-list-item\">\n\t\t\t\t\t\t\t\t\t\t\t<a href=\"https:\/\/www.iar.unicamp.br\/dasmind\/#news\">\n\n\t\t\t\t\t\t\t\t\t\t\t<span class=\"elementor-icon-list-text\">Not\u00edcias<\/span>\n\t\t\t\t\t\t\t\t\t\t\t<\/a>\n\t\t\t\t\t\t\t\t\t<\/li>\n\t\t\t\t\t\t\t\t<li class=\"elementor-icon-list-item\">\n\t\t\t\t\t\t\t\t\t\t\t<a href=\"https:\/\/www.iar.unicamp.br\/dasmind\/#network\">\n\n\t\t\t\t\t\t\t\t\t\t\t<span class=\"elementor-icon-list-text\">Rede DASMind<\/span>\n\t\t\t\t\t\t\t\t\t\t\t<\/a>\n\t\t\t\t\t\t\t\t\t<\/li>\n\t\t\t\t\t\t\t\t<li class=\"elementor-icon-list-item\">\n\t\t\t\t\t\t\t\t\t\t\t<a href=\"https:\/\/www.iar.unicamp.br\/dasmind\/#labs\">\n\n\t\t\t\t\t\t\t\t\t\t\t<span class=\"elementor-icon-list-text\">Laborat\u00f3rios<\/span>\n\t\t\t\t\t\t\t\t\t\t\t<\/a>\n\t\t\t\t\t\t\t\t\t<\/li>\n\t\t\t\t\t\t<\/ul>\n\t\t\t\t\t\t<\/div>\n\t\t\t\t<\/div>\n\t\t\t\t\t<\/div>\n\t\t<\/div>\n\t\t\t\t<div class=\"elementor-column elementor-col-25 elementor-top-column elementor-element elementor-element-54cdfe0\" data-id=\"54cdfe0\" data-element_type=\"column\" data-e-type=\"column\">\n\t\t\t<div class=\"elementor-widget-wrap elementor-element-populated\">\n\t\t\t\t\t\t<div class=\"elementor-element elementor-element-ec60d26 elementor-icon-list--layout-traditional elementor-list-item-link-full_width elementor-widget elementor-widget-icon-list\" data-id=\"ec60d26\" data-element_type=\"widget\" data-e-type=\"widget\" data-widget_type=\"icon-list.default\">\n\t\t\t\t<div class=\"elementor-widget-container\">\n\t\t\t\t\t\t\t<ul class=\"elementor-icon-list-items\">\n\t\t\t\t\t\t\t<li class=\"elementor-icon-list-item\">\n\t\t\t\t\t\t\t\t\t\t\t<a href=\"https:\/\/www.iar.unicamp.br\/dasmind\/#publications\">\n\n\t\t\t\t\t\t\t\t\t\t\t<span class=\"elementor-icon-list-text\">Publica\u00e7\u00f5es<\/span>\n\t\t\t\t\t\t\t\t\t\t\t<\/a>\n\t\t\t\t\t\t\t\t\t<\/li>\n\t\t\t\t\t\t\t\t<li class=\"elementor-icon-list-item\">\n\t\t\t\t\t\t\t\t\t\t\t<a href=\"https:\/\/www.iar.unicamp.br\/dasmind\/#events\">\n\n\t\t\t\t\t\t\t\t\t\t\t<span class=\"elementor-icon-list-text\">Eventos<\/span>\n\t\t\t\t\t\t\t\t\t\t\t<\/a>\n\t\t\t\t\t\t\t\t\t<\/li>\n\t\t\t\t\t\t\t\t<li class=\"elementor-icon-list-item\">\n\t\t\t\t\t\t\t\t\t\t\t<a href=\"https:\/\/www.iar.unicamp.br\/dasmind\/#contact\">\n\n\t\t\t\t\t\t\t\t\t\t\t<span class=\"elementor-icon-list-text\">Contato<\/span>\n\t\t\t\t\t\t\t\t\t\t\t<\/a>\n\t\t\t\t\t\t\t\t\t<\/li>\n\t\t\t\t\t\t<\/ul>\n\t\t\t\t\t\t<\/div>\n\t\t\t\t<\/div>\n\t\t\t\t\t<\/div>\n\t\t<\/div>\n\t\t\t\t<div class=\"elementor-column elementor-col-25 elementor-top-column elementor-element elementor-element-892c946\" data-id=\"892c946\" data-element_type=\"column\" data-e-type=\"column\">\n\t\t\t<div class=\"elementor-widget-wrap elementor-element-populated\">\n\t\t\t\t\t\t<div class=\"elementor-element elementor-element-47f9fc7 elementor-shape-rounded elementor-grid-0 e-grid-align-center elementor-widget elementor-widget-social-icons\" data-id=\"47f9fc7\" data-element_type=\"widget\" data-e-type=\"widget\" data-widget_type=\"social-icons.default\">\n\t\t\t\t<div class=\"elementor-widget-container\">\n\t\t\t\t\t\t\t<div class=\"elementor-social-icons-wrapper elementor-grid\" role=\"list\">\n\t\t\t\t\t\t\t<span class=\"elementor-grid-item\" role=\"listitem\">\n\t\t\t\t\t<a class=\"elementor-icon elementor-social-icon elementor-social-icon-envelope elementor-repeater-item-c76d825\" href=\"http:\/\/dasmind@unicamp.br\" target=\"_blank\">\n\t\t\t\t\t\t<span class=\"elementor-screen-only\">Envelope<\/span>\n\t\t\t\t\t\t<i aria-hidden=\"true\" class=\"fas fa-envelope\"><\/i>\t\t\t\t\t<\/a>\n\t\t\t\t<\/span>\n\t\t\t\t\t\t\t<span class=\"elementor-grid-item\" role=\"listitem\">\n\t\t\t\t\t<a class=\"elementor-icon elementor-social-icon elementor-social-icon-facebook elementor-repeater-item-f41e61c\" href=\"https:\/\/www.facebook.com\/DASMindUNICAMP\/\" target=\"_blank\">\n\t\t\t\t\t\t<span class=\"elementor-screen-only\">Facebook<\/span>\n\t\t\t\t\t\t<i aria-hidden=\"true\" class=\"fab fa-facebook\"><\/i>\t\t\t\t\t<\/a>\n\t\t\t\t<\/span>\n\t\t\t\t\t\t\t<span class=\"elementor-grid-item\" role=\"listitem\">\n\t\t\t\t\t<a class=\"elementor-icon elementor-social-icon elementor-social-icon-instagram elementor-repeater-item-d870484\" href=\"https:\/\/www.instagram.com\/dasmindunicamp\/\" target=\"_blank\">\n\t\t\t\t\t\t<span class=\"elementor-screen-only\">Instagram<\/span>\n\t\t\t\t\t\t<i aria-hidden=\"true\" class=\"fab fa-instagram\"><\/i>\t\t\t\t\t<\/a>\n\t\t\t\t<\/span>\n\t\t\t\t\t<\/div>\n\t\t\t\t\t\t<\/div>\n\t\t\t\t<\/div>\n\t\t\t\t\t<\/div>\n\t\t<\/div>\n\t\t\t\t\t<\/div>\n\t\t<\/section>\n\t\t\t\t<\/div>\n\t\t","protected":false},"excerpt":{"rendered":"<p>Lara Doswaldo Balaminutti Mestranda no Programa de P\u00f3s-Gradua\u00e7\u00e3o em Artes Visuais do Instituto de Artes, da Universidade Estadual de Campinas (PPG-AV IA-UNICAMP). Graduada em Artes Visuais (Bacharelado e Licenciatura) pelo IA-UNICAMP. Bolsista do &#8220;Programa de Forma\u00e7\u00e3o Did\u00e1tico-Pedag\u00f3gica para Cursos de Modalidade a Dist\u00e2ncia&#8221;, da UNIVESP.\u00a0 \u00a0 In\u00edcio Not\u00edcias Rede DASMind Laborat\u00f3rios Publica\u00e7\u00f5es Eventos Contato Envelope [&hellip;]<\/p>\n","protected":false},"author":42,"featured_media":0,"parent":0,"menu_order":0,"comment_status":"closed","ping_status":"closed","template":"elementor_canvas","meta":{"_acf_changed":false,"footnotes":""},"class_list":["post-1713","page","type-page","status-publish","hentry"],"acf":[],"_links":{"self":[{"href":"https:\/\/www.iar.unicamp.br\/dasmind\/index.php\/wp-json\/wp\/v2\/pages\/1713","targetHints":{"allow":["GET"]}}],"collection":[{"href":"https:\/\/www.iar.unicamp.br\/dasmind\/index.php\/wp-json\/wp\/v2\/pages"}],"about":[{"href":"https:\/\/www.iar.unicamp.br\/dasmind\/index.php\/wp-json\/wp\/v2\/types\/page"}],"author":[{"embeddable":true,"href":"https:\/\/www.iar.unicamp.br\/dasmind\/index.php\/wp-json\/wp\/v2\/users\/42"}],"replies":[{"embeddable":true,"href":"https:\/\/www.iar.unicamp.br\/dasmind\/index.php\/wp-json\/wp\/v2\/comments?post=1713"}],"version-history":[{"count":4,"href":"https:\/\/www.iar.unicamp.br\/dasmind\/index.php\/wp-json\/wp\/v2\/pages\/1713\/revisions"}],"predecessor-version":[{"id":1717,"href":"https:\/\/www.iar.unicamp.br\/dasmind\/index.php\/wp-json\/wp\/v2\/pages\/1713\/revisions\/1717"}],"wp:attachment":[{"href":"https:\/\/www.iar.unicamp.br\/dasmind\/index.php\/wp-json\/wp\/v2\/media?parent=1713"}],"curies":[{"name":"wp","href":"https:\/\/api.w.org\/{rel}","templated":true}]}}