{"id":622,"date":"2019-09-13T17:36:49","date_gmt":"2019-09-13T17:36:49","guid":{"rendered":"http:\/\/www.iar.unicamp.br\/extensao\/designgrafico\/?page_id=622"},"modified":"2022-10-18T13:36:12","modified_gmt":"2022-10-18T13:36:12","slug":"curso","status":"publish","type":"page","link":"https:\/\/www.iar.unicamp.br\/extensao\/designgrafico\/curso\/","title":{"rendered":"Curso"},"content":{"rendered":"<div class=\"grid kcm\">\n<div class=\"grid__item five-twelfths portable--auto lap--auto palm--auto top-no-padding bottom-no-padding \" data-style=\"\">\n<h3>Destinado a profissionais que buscam se aprofundar no universo do design, o curso propicia ao aluno o desenvolvimento do pensamento projetivo.<\/h3>\n<p>O curso \u00e9 ministrado por profissionais renomados atuantes no mercado e conceituados professores da \u00e1rea acad\u00eamica, constituindo assim uma base pr\u00e1tica e conceitual s\u00f3lida. O conte\u00fado abrange desde o design impresso \u00e0s novas m\u00eddias, o que permite ao aluno especialista atuar em diversas \u00e1reas do design gr\u00e1fico em um mercado contempor\u00e2neo de cen\u00e1rio complexo. Acesse a p\u00e1gina de professores para conferir os portfolios e curr\u00edculos de nosso corpo docente.<\/p>\n<p>_<\/p>\n<\/div>\n<div class=\"grid__item seven-twelfths portable--auto lap--auto palm--auto top-medium-padding bottom-no-padding \" data-style=\"\"><\/div>\n<div class=\"grid__item one-whole portable--auto lap--auto palm--auto top-no-padding bottom-no-padding center \" data-style=\"\">\n<p><img loading=\"lazy\" decoding=\"async\" class=\"aligncenter size-full wp-image-293\" src=\"http:\/\/www.iar.unicamp.br\/extensao\/designgrafico\/wp-content\/uploads\/2019\/08\/bg-img2.jpg\" alt=\"\" width=\"2000\" height=\"1333\" srcset=\"https:\/\/www.iar.unicamp.br\/extensao\/designgrafico\/wp-content\/uploads\/2019\/08\/bg-img2.jpg 2000w, https:\/\/www.iar.unicamp.br\/extensao\/designgrafico\/wp-content\/uploads\/2019\/08\/bg-img2-300x200.jpg 300w, https:\/\/www.iar.unicamp.br\/extensao\/designgrafico\/wp-content\/uploads\/2019\/08\/bg-img2-768x512.jpg 768w, https:\/\/www.iar.unicamp.br\/extensao\/designgrafico\/wp-content\/uploads\/2019\/08\/bg-img2-1024x682.jpg 1024w\" sizes=\"(max-width: 2000px) 100vw, 2000px\" \/><\/p>\n<\/div>\n<div class=\"grid__item two-twelfths portable--auto lap--auto palm--hide top-medium-padding bottom-no-padding \" data-style=\"\"><\/div>\n<div class=\"grid__item two-twelfths portable--auto lap--auto palm--auto top-medium-padding bottom-no-padding \" data-style=\"\">\n<h3 style=\"text-align: left;\"><span style=\"color: #000000;\">P\u00daBLICO ALVO<\/span><\/h3>\n<\/div>\n<div class=\"grid__item six-twelfths portable--auto lap--auto palm--auto top-medium-padding bottom-no-padding \" data-style=\"\">\n<p style=\"text-align: left;\"><span style=\"font-weight: 400;\">Profissionais interessados em aprofundar o conhecimento na \u00e1rea do design gr\u00e1fico, graduados nas \u00e1reas de Design, Publicidade, Arquitetura, Artes Visuais, Marketing, Comunica\u00e7\u00e3o, Computa\u00e7\u00e3o e profissionais com forma\u00e7\u00e3o superior em outras \u00e1reas e que atuam no campo do design.<\/span><\/p>\n<\/div>\n<div class=\"grid__item two-twelfths portable--auto lap--auto palm--hide top-medium-padding bottom-no-padding \" data-style=\"\"><\/div>\n<div class=\"grid__item two-twelfths portable--auto lap--auto palm--hide top-medium-padding bottom-no-padding \" data-style=\"\"><\/div>\n<div class=\"grid__item two-twelfths portable--auto lap--auto palm--auto top-medium-padding bottom-no-padding \" data-style=\"\">\n<h3 style=\"text-align: left;\"><span style=\"color: #000000;\">CARGA HOR\u00c1RIA<\/span><\/h3>\n<\/div>\n<div class=\"grid__item six-twelfths portable--auto lap--auto palm--auto top-medium-padding bottom-no-padding \" data-style=\"\">\n<p>O curso conta com 366 horas\/aulas presenciais \u00e0s segundas e quartas das 19h00 \u00e0s 22h15.<\/p>\n<\/div>\n<div class=\"grid__item two-twelfths portable--auto lap--auto palm--hide top-medium-padding bottom-no-padding \" data-style=\"\"><\/div>\n<div class=\"grid__item two-twelfths portable--auto lap--auto palm--hide top-medium-padding bottom-no-padding \" data-style=\"\"><\/div>\n<div class=\"grid__item two-twelfths portable--auto lap--auto palm--auto top-medium-padding bottom-no-padding \" data-style=\"\">\n<h3 style=\"text-align: left;\"><span style=\"color: #000000;\">VALOR<\/span><\/h3>\n<\/div>\n<div class=\"grid__item six-twelfths portable--auto lap--auto palm--auto top-medium-padding bottom-no-padding \" data-style=\"\">\n<p>As informa\u00e7\u00f5es est\u00e3o no site da <a href=\"https:\/\/www.extecamp.unicamp.br\/dados.asp?sigla=%86p%CD%C2%5E%E1%DE%9E&amp;of=%F7%13%A9\">Extecamp<\/a>.<\/p>\n<\/div>\n<div class=\"grid__item two-twelfths portable--auto lap--auto palm--hide top-medium-padding bottom-no-padding \" data-style=\"\"><\/div>\n<div class=\"grid__item two-twelfths portable--auto lap--auto palm--hide top-medium-padding bottom-no-padding \" data-style=\"\"><\/div>\n<div class=\"grid__item two-twelfths portable--auto lap--auto palm--auto top-medium-padding bottom-no-padding \" data-style=\"\">\n<h3><span style=\"color: #000000;\">ESTRUTURA<\/span><\/h3>\n<\/div>\n<div class=\"grid__item six-twelfths portable--auto lap--auto palm--auto top-medium-padding bottom-no-padding \" data-style=\"\">\n<p>Buscando o equil\u00edbrio entre teoria e pr\u00e1tica o curso \u00e9 estruturado em quatro eixos referentes \u00e0s principais \u00e1reas de atua\u00e7\u00e3o do campo do design gr\u00e1fico: Design de Identidade Visual; Design Editorial; Design Digital; Design de Informa\u00e7\u00e3o. Cada um dos quatro eixos compreendem disciplinas com embasamento em hist\u00f3ria do design, teorias de projetos, metodologias projetuais, desenvolvimento e aplica\u00e7\u00e3o de projetos.<\/p>\n<p>As disciplinas pr\u00e1ticas s\u00e3o ministradas concomitantemente por dois docentes especialistas na \u00e1rea que ir\u00e3o guiar e acompanhar todas as etapas de cria\u00e7\u00e3o, da concep\u00e7\u00e3o do briefing, at\u00e9 a finaliza\u00e7\u00e3o de cada projeto disciplinar.<\/p>\n<p>As disciplinas te\u00f3ricas t\u00eam como objetivo sedimentar o conhecimento para a aplica\u00e7\u00e3o futura e aumentar o repert\u00f3rio visual do aluno.<\/p>\n<p>O curso tem dura\u00e7\u00e3o de quatro semestres.<\/p>\n<\/div>\n<div class=\"grid__item two-twelfths portable--auto lap--auto palm--hide top-medium-padding bottom-no-padding \" data-style=\"\"><\/div>\n<div class=\"grid__item four-twelfths portable--auto lap--auto palm--hide top-medium-padding bottom-no-padding \" data-style=\"\"><\/div>\n<div class=\"grid__item three-twelfths portable--auto lap--auto palm--auto top-no-padding bottom-no-padding \" data-style=\"\">\n<p><img loading=\"lazy\" decoding=\"async\" class=\"size-full wp-image-495 aligncenter\" src=\"http:\/\/www.iar.unicamp.br\/extensao\/designgrafico\/wp-content\/uploads\/2019\/09\/idvisual_icon_3@2x.png\" alt=\"\" width=\"493\" height=\"412\" srcset=\"https:\/\/www.iar.unicamp.br\/extensao\/designgrafico\/wp-content\/uploads\/2019\/09\/idvisual_icon_3@2x.png 493w, https:\/\/www.iar.unicamp.br\/extensao\/designgrafico\/wp-content\/uploads\/2019\/09\/idvisual_icon_3@2x-300x251.png 300w\" sizes=\"(max-width: 493px) 100vw, 493px\" \/><\/p>\n<h3 style=\"text-align: center;\"><span style=\"color: #000000;\">IDENTIDADE VISUAL<\/span><\/h3>\n<p style=\"text-align: center;\">Desenvolvimento estrat\u00e9gico de sistemas visuais e suas aplica\u00e7\u00f5es.<\/p>\n<\/div>\n<div class=\"grid__item three-twelfths portable--auto lap--auto palm--auto top-no-padding bottom-no-padding \" data-style=\"\">\n<p><img loading=\"lazy\" decoding=\"async\" class=\"aligncenter wp-image-494 size-full\" src=\"http:\/\/www.iar.unicamp.br\/extensao\/designgrafico\/wp-content\/uploads\/2019\/09\/editorial_icon_3@2x.png\" alt=\"\" width=\"492\" height=\"412\" srcset=\"https:\/\/www.iar.unicamp.br\/extensao\/designgrafico\/wp-content\/uploads\/2019\/09\/editorial_icon_3@2x.png 492w, https:\/\/www.iar.unicamp.br\/extensao\/designgrafico\/wp-content\/uploads\/2019\/09\/editorial_icon_3@2x-300x251.png 300w\" sizes=\"(max-width: 492px) 100vw, 492px\" \/><\/p>\n<h3 style=\"text-align: center;\"><span style=\"color: #000000;\">DESIGN EDITORIAL<\/span><\/h3>\n<p style=\"text-align: center;\">Design de publica\u00e7\u00f5es atrav\u00e9s da explora\u00e7\u00e3o de recursos tipogr\u00e1ficos, imag\u00e9ticos e suportes materiais.<\/p>\n<\/div>\n<div class=\"grid__item two-twelfths portable--auto lap--auto palm--hide top-no-padding bottom-no-padding \" data-style=\"\"><\/div>\n<div class=\"grid__item four-twelfths portable--auto lap--auto palm--hide top-no-padding bottom-no-padding \" data-style=\"\"><\/div>\n<div class=\"grid__item three-twelfths portable--auto lap--auto palm--auto top-no-padding bottom-no-padding \" data-style=\"\">\n<p><img loading=\"lazy\" decoding=\"async\" class=\"aligncenter wp-image-493 size-full\" src=\"http:\/\/www.iar.unicamp.br\/extensao\/designgrafico\/wp-content\/uploads\/2019\/09\/digital_icon_3@2x.png\" alt=\"\" width=\"492\" height=\"412\" srcset=\"https:\/\/www.iar.unicamp.br\/extensao\/designgrafico\/wp-content\/uploads\/2019\/09\/digital_icon_3@2x.png 492w, https:\/\/www.iar.unicamp.br\/extensao\/designgrafico\/wp-content\/uploads\/2019\/09\/digital_icon_3@2x-300x251.png 300w\" sizes=\"(max-width: 492px) 100vw, 492px\" \/><\/p>\n<h3 style=\"text-align: center;\"><span style=\"color: #000000;\">DESIGN DIGITAL<\/span><\/h3>\n<p style=\"text-align: center;\">Projetos de interfaces digitais e intera\u00e7\u00f5es de acordo com princ\u00edpios de UX (pesquisa, prototipa\u00e7\u00e3o e testes).<\/p>\n<\/div>\n<div class=\"grid__item three-twelfths portable--auto lap--auto palm--auto top-no-padding bottom-no-padding \" data-style=\"\">\n<p><img loading=\"lazy\" decoding=\"async\" class=\"aligncenter wp-image-566 size-full\" src=\"http:\/\/www.iar.unicamp.br\/extensao\/designgrafico\/wp-content\/uploads\/2019\/09\/sinalizacao_icon_3@2x.png\" alt=\"\" width=\"491\" height=\"412\" srcset=\"https:\/\/www.iar.unicamp.br\/extensao\/designgrafico\/wp-content\/uploads\/2019\/09\/sinalizacao_icon_3@2x.png 491w, https:\/\/www.iar.unicamp.br\/extensao\/designgrafico\/wp-content\/uploads\/2019\/09\/sinalizacao_icon_3@2x-300x252.png 300w\" sizes=\"(max-width: 491px) 100vw, 491px\" \/><\/p>\n<h3 style=\"text-align: center;\"><span style=\"color: #000000;\">DESIGN DE INFORMA\u00c7\u00c3O<\/span><\/h3>\n<p style=\"text-align: center;\">Cria\u00e7\u00e3o de sistemas de informa\u00e7\u00e3o com foco na infografia e sinaliza\u00e7\u00e3o.<\/p>\n<\/div>\n<div class=\"grid__item two-twelfths portable--auto lap--auto palm--hide top-no-padding bottom-no-padding \" data-style=\"\"><\/div>\n<div class=\"grid__item four-twelfths portable--auto lap--auto palm--hide top-no-padding bottom-no-padding \" data-style=\"\"><\/div>\n<div class=\"grid__item six-twelfths portable--auto lap--auto palm--auto top-no-padding bottom-no-padding \" data-style=\"\">\n\n<table id=\"tablepress-semestre1\" class=\"tablepress tablepress-id-semestre1\">\n<thead>\n<tr class=\"row-1\">\n\t<th class=\"column-1\"><span style=\"color:#ffffff\">Identidade Visual - semestre 1<\/span><\/th>\n<\/tr>\n<\/thead>\n<tbody>\n<tr class=\"row-2\">\n\t<td class=\"column-1\">Branding<\/td>\n<\/tr>\n<tr class=\"row-3\">\n\t<td class=\"column-1\">Projeto de Identidade Visual I<\/td>\n<\/tr>\n<tr class=\"row-4\">\n\t<td class=\"column-1\">Teoria da Cor Aplicada<\/td>\n<\/tr>\n<tr class=\"row-5\">\n\t<td class=\"column-1\">Tipografia em Sistemas de Identidade Visual<\/td>\n<\/tr>\n<tr class=\"row-6\">\n\t<td class=\"column-1\">Projeto de Identidade Visual II<\/td>\n<\/tr>\n<\/tbody>\n<\/table>\n<!-- #tablepress-semestre1 from cache -->\n<\/div>\n<div class=\"grid__item two-twelfths portable--auto lap--auto palm--hide top-no-padding bottom-no-padding \" data-style=\"\"><\/div>\n<div class=\"grid__item four-twelfths portable--auto lap--auto palm--hide top-no-padding bottom-no-padding \" data-style=\"\"><\/div>\n<div class=\"grid__item six-twelfths portable--auto lap--auto palm--auto top-no-padding bottom-no-padding \" data-style=\"\">\n\n<table id=\"tablepress-semestre2\" class=\"tablepress tablepress-id-semestre2\">\n<thead>\n<tr class=\"row-1\">\n\t<th class=\"column-1\"><span style=\"color:#ffffff;\">Design Editorial - semestre 2<\/span><\/th>\n<\/tr>\n<\/thead>\n<tbody>\n<tr class=\"row-2\">\n\t<td class=\"column-1\">Macro e Micro Tipografia<\/td>\n<\/tr>\n<tr class=\"row-3\">\n\t<td class=\"column-1\">Projeto de Design Editorial Impresso I<\/td>\n<\/tr>\n<tr class=\"row-4\">\n\t<td class=\"column-1\">A Imagem no Projeto Editorial<\/td>\n<\/tr>\n<tr class=\"row-5\">\n\t<td class=\"column-1\">Hist\u00f3ria do Design Gr\u00e1fico I<\/td>\n<\/tr>\n<tr class=\"row-6\">\n\t<td class=\"column-1\">Projeto de Design Editorial Impresso II<\/td>\n<\/tr>\n<\/tbody>\n<\/table>\n<!-- #tablepress-semestre2 from cache -->\n<\/div>\n<div class=\"grid__item two-twelfths portable--auto lap--auto palm--hide top-no-padding bottom-no-padding \" data-style=\"\"><\/div>\n<div class=\"grid__item four-twelfths portable--auto lap--auto palm--hide top-no-padding bottom-no-padding \" data-style=\"\"><\/div>\n<div class=\"grid__item six-twelfths portable--auto lap--auto palm--auto top-no-padding bottom-no-padding \" data-style=\"\">\n\n<table id=\"tablepress-semestre3\" class=\"tablepress tablepress-id-semestre3\">\n<thead>\n<tr class=\"row-1\">\n\t<th class=\"column-1\"><span style=\"color:#ffffff;\">Design Digital - semestre 3<\/span><\/th>\n<\/tr>\n<\/thead>\n<tbody>\n<tr class=\"row-2\">\n\t<td class=\"column-1\">Conceitos do Design de Intera\u00e7\u00e3o<\/td>\n<\/tr>\n<tr class=\"row-3\">\n\t<td class=\"column-1\">Projeto de Design Digital I<\/td>\n<\/tr>\n<tr class=\"row-4\">\n\t<td class=\"column-1\">Navega\u00e7\u00e3o e Interface para Projetos Digitais<\/td>\n<\/tr>\n<tr class=\"row-5\">\n\t<td class=\"column-1\">Hist\u00f3ria do Design Gr\u00e1fico II<\/td>\n<\/tr>\n<tr class=\"row-6\">\n\t<td class=\"column-1\">Projeto de Design Digital II<\/td>\n<\/tr>\n<\/tbody>\n<\/table>\n<!-- #tablepress-semestre3 from cache -->\n<\/div>\n<div class=\"grid__item two-twelfths portable--auto lap--auto palm--hide top-no-padding bottom-no-padding \" data-style=\"\"><\/div>\n<div class=\"grid__item four-twelfths portable--auto lap--auto palm--hide top-no-padding bottom-no-padding \" data-style=\"\"><\/div>\n<div class=\"grid__item six-twelfths portable--auto lap--auto palm--auto top-no-padding bottom-no-padding \" data-style=\"\">\n\n<table id=\"tablepress-semestre4\" class=\"tablepress tablepress-id-semestre4\">\n<thead>\n<tr class=\"row-1\">\n\t<th class=\"column-1\"><span style=\"color:#ffffff;\">Design de Informa\u00e7\u00e3o - semestre 4<\/span><\/th>\n<\/tr>\n<\/thead>\n<tbody>\n<tr class=\"row-2\">\n\t<td class=\"column-1\">Sinaliza\u00e7\u00e3o<\/td>\n<\/tr>\n<tr class=\"row-3\">\n\t<td class=\"column-1\">Infografia<\/td>\n<\/tr>\n<tr class=\"row-4\">\n\t<td class=\"column-1\">Projeto de Design de Informa\u00e7\u00e3o<\/td>\n<\/tr>\n<\/tbody>\n<\/table>\n<!-- #tablepress-semestre4 from cache -->\n<\/div>\n<div class=\"grid__item two-twelfths portable--auto lap--auto palm--hide top-no-padding bottom-no-padding \" data-style=\"\"><\/div>\n<div class=\"grid__item four-twelfths portable--auto lap--auto palm--hide top-no-padding bottom-no-padding \" data-style=\"\"><\/div>\n<div class=\"grid__item six-twelfths portable--auto lap--auto palm--auto top-no-padding bottom-no-padding \" data-style=\"\">\n\n<table id=\"tablepress-semestre5\" class=\"tablepress tablepress-id-semestre5\">\n<thead>\n<tr class=\"row-1\">\n\t<th class=\"column-1\"><span style=\"color:#ffffff;\">Trabalho de Conclus\u00e3o de Curso -  semestre 4<\/span><\/th>\n<\/tr>\n<\/thead>\n<tbody>\n<tr class=\"row-2\">\n\t<td class=\"column-1\">Disciplina TCC<\/td>\n<\/tr>\n<tr class=\"row-3\">\n\t<td class=\"column-1\">Orienta\u00e7\u00e3o<\/td>\n<\/tr>\n<\/tbody>\n<\/table>\n<!-- #tablepress-semestre5 from cache -->\n<\/div>\n<div class=\"grid__item two-twelfths portable--auto lap--auto palm--hide top-no-padding bottom-no-padding \" data-style=\"\"><\/div>\n<\/div>\n","protected":false},"excerpt":{"rendered":"<p>Destinado a profissionais que buscam se aprofundar no universo do design, o curso propicia ao aluno o desenvolvimento do pensamento projetivo. O curso \u00e9 ministrado por profissionais renomados atuantes no mercado e conceituados professores da \u00e1rea acad\u00eamica, constituindo assim uma base pr\u00e1tica e conceitual s\u00f3lida. O conte\u00fado abrange desde o design impresso \u00e0s novas m\u00eddias, [&hellip;]<\/p>\n","protected":false},"author":1,"featured_media":0,"parent":0,"menu_order":1,"comment_status":"closed","ping_status":"closed","template":"","meta":{"_mi_skip_tracking":false,"_exactmetrics_sitenote_active":false,"_exactmetrics_sitenote_note":"","_exactmetrics_sitenote_category":0,"footnotes":""},"yoast_head":"<!-- This site is optimized with the Yoast SEO plugin v21.5 - https:\/\/yoast.com\/wordpress\/plugins\/seo\/ -->\n<title>Curso - Especializa\u00e7\u00e3o em Design Gr\u00e1fico Unicamp<\/title>\n<meta name=\"robots\" content=\"index, follow, max-snippet:-1, max-image-preview:large, max-video-preview:-1\" \/>\n<link rel=\"canonical\" href=\"https:\/\/www.iar.unicamp.br\/extensao\/designgrafico\/curso\/\" \/>\n<meta property=\"og:locale\" content=\"pt_BR\" \/>\n<meta property=\"og:type\" content=\"article\" \/>\n<meta property=\"og:title\" content=\"Curso - Especializa\u00e7\u00e3o em Design Gr\u00e1fico Unicamp\" \/>\n<meta property=\"og:description\" content=\"Destinado a profissionais que buscam se aprofundar no universo do design, o curso propicia ao aluno o desenvolvimento do pensamento projetivo. O curso \u00e9 ministrado por profissionais renomados atuantes no mercado e conceituados professores da \u00e1rea acad\u00eamica, constituindo assim uma base pr\u00e1tica e conceitual s\u00f3lida. O conte\u00fado abrange desde o design impresso \u00e0s novas m\u00eddias, [&hellip;]\" \/>\n<meta property=\"og:url\" content=\"https:\/\/www.iar.unicamp.br\/extensao\/designgrafico\/curso\/\" \/>\n<meta property=\"og:site_name\" content=\"Especializa\u00e7\u00e3o em Design Gr\u00e1fico Unicamp\" \/>\n<meta property=\"article:modified_time\" content=\"2022-10-18T13:36:12+00:00\" \/>\n<meta property=\"og:image\" content=\"http:\/\/www.iar.unicamp.br\/extensao\/designgrafico\/wp-content\/uploads\/2019\/08\/bg-img2.jpg\" \/>\n<meta name=\"twitter:card\" content=\"summary_large_image\" \/>\n<meta name=\"twitter:label1\" content=\"Est. tempo de leitura\" \/>\n\t<meta name=\"twitter:data1\" content=\"3 minutos\" \/>\n<script type=\"application\/ld+json\" class=\"yoast-schema-graph\">{\"@context\":\"https:\/\/schema.org\",\"@graph\":[{\"@type\":\"WebPage\",\"@id\":\"https:\/\/www.iar.unicamp.br\/extensao\/designgrafico\/curso\/\",\"url\":\"https:\/\/www.iar.unicamp.br\/extensao\/designgrafico\/curso\/\",\"name\":\"Curso - Especializa\u00e7\u00e3o em Design Gr\u00e1fico Unicamp\",\"isPartOf\":{\"@id\":\"https:\/\/www.iar.unicamp.br\/extensao\/designgrafico\/#website\"},\"datePublished\":\"2019-09-13T17:36:49+00:00\",\"dateModified\":\"2022-10-18T13:36:12+00:00\",\"breadcrumb\":{\"@id\":\"https:\/\/www.iar.unicamp.br\/extensao\/designgrafico\/curso\/#breadcrumb\"},\"inLanguage\":\"pt-BR\",\"potentialAction\":[{\"@type\":\"ReadAction\",\"target\":[\"https:\/\/www.iar.unicamp.br\/extensao\/designgrafico\/curso\/\"]}]},{\"@type\":\"BreadcrumbList\",\"@id\":\"https:\/\/www.iar.unicamp.br\/extensao\/designgrafico\/curso\/#breadcrumb\",\"itemListElement\":[{\"@type\":\"ListItem\",\"position\":1,\"name\":\"Home\",\"item\":\"https:\/\/www.iar.unicamp.br\/extensao\/designgrafico\/\"},{\"@type\":\"ListItem\",\"position\":2,\"name\":\"Curso\"}]},{\"@type\":\"WebSite\",\"@id\":\"https:\/\/www.iar.unicamp.br\/extensao\/designgrafico\/#website\",\"url\":\"https:\/\/www.iar.unicamp.br\/extensao\/designgrafico\/\",\"name\":\"Especializa\u00e7\u00e3o em Design Gr\u00e1fico Unicamp\",\"description\":\"Destinado a profissionais que buscam se aprofundar no universo do design, o curso de especializa\u00e7\u00e3o em Design Gr\u00e1fico da UNICAMP, propicia ao aluno o desenvolvimento do pensamento projetivo.\",\"potentialAction\":[{\"@type\":\"SearchAction\",\"target\":{\"@type\":\"EntryPoint\",\"urlTemplate\":\"https:\/\/www.iar.unicamp.br\/extensao\/designgrafico\/?s={search_term_string}\"},\"query-input\":\"required name=search_term_string\"}],\"inLanguage\":\"pt-BR\"}]}<\/script>\n<!-- \/ Yoast SEO plugin. -->","yoast_head_json":{"title":"Curso - Especializa\u00e7\u00e3o em Design Gr\u00e1fico Unicamp","robots":{"index":"index","follow":"follow","max-snippet":"max-snippet:-1","max-image-preview":"max-image-preview:large","max-video-preview":"max-video-preview:-1"},"canonical":"https:\/\/www.iar.unicamp.br\/extensao\/designgrafico\/curso\/","og_locale":"pt_BR","og_type":"article","og_title":"Curso - Especializa\u00e7\u00e3o em Design Gr\u00e1fico Unicamp","og_description":"Destinado a profissionais que buscam se aprofundar no universo do design, o curso propicia ao aluno o desenvolvimento do pensamento projetivo. O curso \u00e9 ministrado por profissionais renomados atuantes no mercado e conceituados professores da \u00e1rea acad\u00eamica, constituindo assim uma base pr\u00e1tica e conceitual s\u00f3lida. O conte\u00fado abrange desde o design impresso \u00e0s novas m\u00eddias, [&hellip;]","og_url":"https:\/\/www.iar.unicamp.br\/extensao\/designgrafico\/curso\/","og_site_name":"Especializa\u00e7\u00e3o em Design Gr\u00e1fico Unicamp","article_modified_time":"2022-10-18T13:36:12+00:00","og_image":[{"url":"http:\/\/www.iar.unicamp.br\/extensao\/designgrafico\/wp-content\/uploads\/2019\/08\/bg-img2.jpg"}],"twitter_card":"summary_large_image","twitter_misc":{"Est. tempo de leitura":"3 minutos"},"schema":{"@context":"https:\/\/schema.org","@graph":[{"@type":"WebPage","@id":"https:\/\/www.iar.unicamp.br\/extensao\/designgrafico\/curso\/","url":"https:\/\/www.iar.unicamp.br\/extensao\/designgrafico\/curso\/","name":"Curso - Especializa\u00e7\u00e3o em Design Gr\u00e1fico Unicamp","isPartOf":{"@id":"https:\/\/www.iar.unicamp.br\/extensao\/designgrafico\/#website"},"datePublished":"2019-09-13T17:36:49+00:00","dateModified":"2022-10-18T13:36:12+00:00","breadcrumb":{"@id":"https:\/\/www.iar.unicamp.br\/extensao\/designgrafico\/curso\/#breadcrumb"},"inLanguage":"pt-BR","potentialAction":[{"@type":"ReadAction","target":["https:\/\/www.iar.unicamp.br\/extensao\/designgrafico\/curso\/"]}]},{"@type":"BreadcrumbList","@id":"https:\/\/www.iar.unicamp.br\/extensao\/designgrafico\/curso\/#breadcrumb","itemListElement":[{"@type":"ListItem","position":1,"name":"Home","item":"https:\/\/www.iar.unicamp.br\/extensao\/designgrafico\/"},{"@type":"ListItem","position":2,"name":"Curso"}]},{"@type":"WebSite","@id":"https:\/\/www.iar.unicamp.br\/extensao\/designgrafico\/#website","url":"https:\/\/www.iar.unicamp.br\/extensao\/designgrafico\/","name":"Especializa\u00e7\u00e3o em Design Gr\u00e1fico Unicamp","description":"Destinado a profissionais que buscam se aprofundar no universo do design, o curso de especializa\u00e7\u00e3o em Design Gr\u00e1fico da UNICAMP, propicia ao aluno o desenvolvimento do pensamento projetivo.","potentialAction":[{"@type":"SearchAction","target":{"@type":"EntryPoint","urlTemplate":"https:\/\/www.iar.unicamp.br\/extensao\/designgrafico\/?s={search_term_string}"},"query-input":"required name=search_term_string"}],"inLanguage":"pt-BR"}]}},"_links":{"self":[{"href":"https:\/\/www.iar.unicamp.br\/extensao\/designgrafico\/wp-json\/wp\/v2\/pages\/622"}],"collection":[{"href":"https:\/\/www.iar.unicamp.br\/extensao\/designgrafico\/wp-json\/wp\/v2\/pages"}],"about":[{"href":"https:\/\/www.iar.unicamp.br\/extensao\/designgrafico\/wp-json\/wp\/v2\/types\/page"}],"author":[{"embeddable":true,"href":"https:\/\/www.iar.unicamp.br\/extensao\/designgrafico\/wp-json\/wp\/v2\/users\/1"}],"replies":[{"embeddable":true,"href":"https:\/\/www.iar.unicamp.br\/extensao\/designgrafico\/wp-json\/wp\/v2\/comments?post=622"}],"version-history":[{"count":83,"href":"https:\/\/www.iar.unicamp.br\/extensao\/designgrafico\/wp-json\/wp\/v2\/pages\/622\/revisions"}],"predecessor-version":[{"id":1121,"href":"https:\/\/www.iar.unicamp.br\/extensao\/designgrafico\/wp-json\/wp\/v2\/pages\/622\/revisions\/1121"}],"wp:attachment":[{"href":"https:\/\/www.iar.unicamp.br\/extensao\/designgrafico\/wp-json\/wp\/v2\/media?parent=622"}],"curies":[{"name":"wp","href":"https:\/\/api.w.org\/{rel}","templated":true}]}}